{"id":12652,"date":"2022-10-29T10:28:17","date_gmt":"2022-10-29T10:28:17","guid":{"rendered":"https:\/\/nimmerwo.ch\/?page_id=12652"},"modified":"2022-10-29T10:32:35","modified_gmt":"2022-10-29T10:32:35","slug":"newsletter","status":"publish","type":"page","link":"https:\/\/nimmerwo.ch\/en\/newsletter\/","title":{"rendered":"Nimmerwo Newsletter"},"content":{"rendered":"\t\t<div data-elementor-type=\"wp-page\" data-elementor-id=\"12652\" class=\"elementor elementor-12652\">\n\t\t\t\t\t\t<section class=\"elementor-section elementor-top-section elementor-element elementor-element-d618322 elementor-section-boxed elementor-section-height-default elementor-section-height-default\" data-id=\"d618322\" data-element_type=\"section\" data-e-type=\"section\">\n\t\t\t\t\t\t<div class=\"elementor-container elementor-column-gap-default\">\n\t\t\t\t\t<div class=\"elementor-column elementor-col-100 elementor-top-column elementor-element elementor-element-df2c625\" data-id=\"df2c625\" data-element_type=\"column\" data-e-type=\"column\">\n\t\t\t<div class=\"elementor-widget-wrap elementor-element-populated\">\n\t\t\t\t\t\t<div class=\"elementor-element elementor-element-ccb82fc elementor-widget elementor-widget-text-editor\" data-id=\"ccb82fc\" data-element_type=\"widget\" data-e-type=\"widget\" data-widget_type=\"text-editor.default\">\n\t\t\t\t<div class=\"elementor-widget-container\">\n\t\t\t\t\t\t\t\t\t<p>Schreib dich unten f\u00fcr den Newsletter ein, um nichts aus dem Nimmerwoland zu verpassen. Wir freuen uns \u00fcber Kommentare und hoffen, dass dir die Lekt\u00fcre gefallen hat!<\/p>\t\t\t\t\t\t\t\t<\/div>\n\t\t\t\t<\/div>\n\t\t\t\t\t<\/div>\n\t\t<\/div>\n\t\t\t\t\t<\/div>\n\t\t<\/section>\n\t\t\t\t<section class=\"elementor-section elementor-top-section elementor-element elementor-element-cb9e001 elementor-section-boxed elementor-section-height-default elementor-section-height-default\" data-id=\"cb9e001\" data-element_type=\"section\" data-e-type=\"section\" data-settings=\"{&quot;background_background&quot;:&quot;slideshow&quot;,&quot;background_slideshow_gallery&quot;:[{&quot;id&quot;:5164,&quot;url&quot;:&quot;https:\\\/\\\/nimmerwo.ch\\\/wp-content\\\/uploads\\\/2021\\\/06\\\/DSC00554-Medium.jpg&quot;},{&quot;id&quot;:5419,&quot;url&quot;:&quot;https:\\\/\\\/nimmerwo.ch\\\/wp-content\\\/uploads\\\/2021\\\/06\\\/P9184868-Small.jpg&quot;},{&quot;id&quot;:5747,&quot;url&quot;:&quot;https:\\\/\\\/nimmerwo.ch\\\/wp-content\\\/uploads\\\/2021\\\/07\\\/PB146458.jpg&quot;},{&quot;id&quot;:6003,&quot;url&quot;:&quot;https:\\\/\\\/nimmerwo.ch\\\/wp-content\\\/uploads\\\/2011\\\/03\\\/139.jpg&quot;},{&quot;id&quot;:6721,&quot;url&quot;:&quot;https:\\\/\\\/nimmerwo.ch\\\/wp-content\\\/uploads\\\/2021\\\/07\\\/300.jpg&quot;},{&quot;id&quot;:6474,&quot;url&quot;:&quot;https:\\\/\\\/nimmerwo.ch\\\/wp-content\\\/uploads\\\/2021\\\/07\\\/286zl.jpg&quot;},{&quot;id&quot;:6010,&quot;url&quot;:&quot;https:\\\/\\\/nimmerwo.ch\\\/wp-content\\\/uploads\\\/2021\\\/07\\\/P3057814.jpg&quot;},{&quot;id&quot;:5727,&quot;url&quot;:&quot;https:\\\/\\\/nimmerwo.ch\\\/wp-content\\\/uploads\\\/2021\\\/07\\\/PB035890.jpg&quot;},{&quot;id&quot;:5700,&quot;url&quot;:&quot;https:\\\/\\\/nimmerwo.ch\\\/wp-content\\\/uploads\\\/2021\\\/07\\\/PA105248.jpg&quot;},{&quot;id&quot;:6496,&quot;url&quot;:&quot;https:\\\/\\\/nimmerwo.ch\\\/wp-content\\\/uploads\\\/2012\\\/01\\\/20110425_140809.jpg&quot;},{&quot;id&quot;:5736,&quot;url&quot;:&quot;https:\\\/\\\/nimmerwo.ch\\\/wp-content\\\/uploads\\\/2021\\\/07\\\/PB106074.jpg&quot;}],&quot;background_slideshow_ken_burns&quot;:&quot;yes&quot;,&quot;background_slideshow_loop&quot;:&quot;yes&quot;,&quot;background_slideshow_slide_duration&quot;:5000,&quot;background_slideshow_slide_transition&quot;:&quot;fade&quot;,&quot;background_slideshow_transition_duration&quot;:500,&quot;background_slideshow_ken_burns_zoom_direction&quot;:&quot;in&quot;}\">\n\t\t\t\t\t\t\t<div class=\"elementor-background-overlay\"><\/div>\n\t\t\t\t\t\t\t<div class=\"elementor-container elementor-column-gap-default\">\n\t\t\t\t\t<div class=\"elementor-column elementor-col-100 elementor-top-column elementor-element elementor-element-6505e74\" data-id=\"6505e74\" data-element_type=\"column\" data-e-type=\"column\">\n\t\t\t<div class=\"elementor-widget-wrap\">\n\t\t\t\t\t\t\t<\/div>\n\t\t<\/div>\n\t\t\t\t\t<\/div>\n\t\t<\/section>\n\t\t\t\t<section class=\"elementor-section elementor-top-section elementor-element elementor-element-8995307 elementor-section-boxed elementor-section-height-default elementor-section-height-default\" data-id=\"8995307\" data-element_type=\"section\" data-e-type=\"section\">\n\t\t\t\t\t\t<div class=\"elementor-container elementor-column-gap-default\">\n\t\t\t\t\t<div class=\"elementor-column elementor-col-100 elementor-top-column elementor-element elementor-element-3dde95e\" data-id=\"3dde95e\" data-element_type=\"column\" data-e-type=\"column\">\n\t\t\t<div class=\"elementor-widget-wrap elementor-element-populated\">\n\t\t\t\t\t\t<div class=\"elementor-element elementor-element-4b483ed elementor-widget-divider--view-line elementor-widget elementor-widget-divider\" data-id=\"4b483ed\" data-element_type=\"widget\" data-e-type=\"widget\" data-widget_type=\"divider.default\">\n\t\t\t\t<div class=\"elementor-widget-container\">\n\t\t\t\t\t\t\t<div class=\"elementor-divider\">\n\t\t\t<span class=\"elementor-divider-separator\">\n\t\t\t\t\t\t<\/span>\n\t\t<\/div>\n\t\t\t\t\t\t<\/div>\n\t\t\t\t<\/div>\n\t\t\t\t\t<\/div>\n\t\t<\/div>\n\t\t\t\t\t<\/div>\n\t\t<\/section>\n\t\t\t\t<section class=\"elementor-section elementor-top-section elementor-element elementor-element-8294a30 elementor-section-boxed elementor-section-height-default elementor-section-height-default\" data-id=\"8294a30\" data-element_type=\"section\" data-e-type=\"section\">\n\t\t\t\t\t\t<div class=\"elementor-container elementor-column-gap-default\">\n\t\t\t\t\t<div class=\"elementor-column elementor-col-100 elementor-top-column elementor-element elementor-element-a69b176\" data-id=\"a69b176\" data-element_type=\"column\" data-e-type=\"column\">\n\t\t\t<div class=\"elementor-widget-wrap elementor-element-populated\">\n\t\t\t\t\t\t<div class=\"elementor-element elementor-element-b27e836 elementor-widget elementor-widget-text-editor\" data-id=\"b27e836\" data-element_type=\"widget\" data-e-type=\"widget\" data-widget_type=\"text-editor.default\">\n\t\t\t\t<div class=\"elementor-widget-container\">\n\t\t\t\t\t\t\t\t\t<p>Besuch uns auf sozialen Medien:<\/p>\t\t\t\t\t\t\t\t<\/div>\n\t\t\t\t<\/div>\n\t\t\t\t\t<\/div>\n\t\t<\/div>\n\t\t\t\t\t<\/div>\n\t\t<\/section>\n\t\t\t\t<section class=\"elementor-section elementor-top-section elementor-element elementor-element-fea0123 elementor-section-boxed elementor-section-height-default elementor-section-height-default\" data-id=\"fea0123\" data-element_type=\"section\" data-e-type=\"section\">\n\t\t\t\t\t\t<div class=\"elementor-container elementor-column-gap-default\">\n\t\t\t\t\t<div class=\"elementor-column elementor-col-100 elementor-top-column elementor-element elementor-element-fa6acbe\" data-id=\"fa6acbe\" data-element_type=\"column\" data-e-type=\"column\">\n\t\t\t<div class=\"elementor-widget-wrap elementor-element-populated\">\n\t\t\t\t\t\t<div class=\"elementor-element elementor-element-cef00d9 elementor-shape-rounded elementor-grid-0 e-grid-align-center elementor-widget elementor-widget-social-icons\" data-id=\"cef00d9\" data-element_type=\"widget\" data-e-type=\"widget\" data-widget_type=\"social-icons.default\">\n\t\t\t\t<div class=\"elementor-widget-container\">\n\t\t\t\t\t\t\t<div class=\"elementor-social-icons-wrapper elementor-grid\" role=\"list\">\n\t\t\t\t\t\t\t<span class=\"elementor-grid-item\" role=\"listitem\">\n\t\t\t\t\t<a class=\"elementor-icon elementor-social-icon elementor-social-icon-facebook elementor-repeater-item-e7cff3c\" href=\"https:\/\/www.facebook.com\/SimonNimmerwo\" target=\"_blank\">\n\t\t\t\t\t\t<span class=\"elementor-screen-only\">Facebook<\/span>\n\t\t\t\t\t\t<i aria-hidden=\"true\" class=\"fab fa-facebook\"><\/i>\t\t\t\t\t<\/a>\n\t\t\t\t<\/span>\n\t\t\t\t\t\t\t<span class=\"elementor-grid-item\" role=\"listitem\">\n\t\t\t\t\t<a class=\"elementor-icon elementor-social-icon elementor-social-icon-instagram elementor-repeater-item-53e198c\" href=\"https:\/\/www.instagram.com\/Simon_Nimmerwo\" target=\"_blank\">\n\t\t\t\t\t\t<span class=\"elementor-screen-only\">Instagram<\/span>\n\t\t\t\t\t\t<i aria-hidden=\"true\" class=\"fab fa-instagram\"><\/i>\t\t\t\t\t<\/a>\n\t\t\t\t<\/span>\n\t\t\t\t\t\t\t<span class=\"elementor-grid-item\" role=\"listitem\">\n\t\t\t\t\t<a class=\"elementor-icon elementor-social-icon elementor-social-icon-youtube elementor-repeater-item-248f592\" href=\"https:\/\/www.youtube.com\/channel\/UCkS-5fV5TVXiSURoDtmUuGA\" target=\"_blank\">\n\t\t\t\t\t\t<span class=\"elementor-screen-only\">Youtube<\/span>\n\t\t\t\t\t\t<i aria-hidden=\"true\" class=\"fab fa-youtube\"><\/i>\t\t\t\t\t<\/a>\n\t\t\t\t<\/span>\n\t\t\t\t\t<\/div>\n\t\t\t\t\t\t<\/div>\n\t\t\t\t<\/div>\n\t\t\t\t\t<\/div>\n\t\t<\/div>\n\t\t\t\t\t<\/div>\n\t\t<\/section>\n\t\t\t\t<\/div>\n\t\t","protected":false},"excerpt":{"rendered":"<p>Schreib dich unten f\u00fcr den Newsletter ein, um nichts aus dem Nimmerwoland zu verpassen. Wir freuen uns \u00fcber Kommentare und hoffen, dass dir die Lekt\u00fcre gefallen hat! Nimmerwo Newsletter Bleib auf dem Laufenden! Wir schreiben dir, wenn es wieder was Neues gibt! Abonnieren Erledigt! Du bist jetzt Teil von Nimmewo Ups! Da ist was schiefgelaufen. Probier&#8217;s nochmal! Besuch uns auf sozialen Medien: Facebook Instagram Youtube<\/p>","protected":false},"author":1,"featured_media":0,"parent":0,"menu_order":0,"comment_status":"closed","ping_status":"closed","template":"","meta":{"footnotes":""},"class_list":["post-12652","page","type-page","status-publish","hentry"],"_links":{"self":[{"href":"https:\/\/nimmerwo.ch\/en\/wp-json\/wp\/v2\/pages\/12652","targetHints":{"allow":["GET"]}}],"collection":[{"href":"https:\/\/nimmerwo.ch\/en\/wp-json\/wp\/v2\/pages"}],"about":[{"href":"https:\/\/nimmerwo.ch\/en\/wp-json\/wp\/v2\/types\/page"}],"author":[{"embeddable":true,"href":"https:\/\/nimmerwo.ch\/en\/wp-json\/wp\/v2\/users\/1"}],"replies":[{"embeddable":true,"href":"https:\/\/nimmerwo.ch\/en\/wp-json\/wp\/v2\/comments?post=12652"}],"version-history":[{"count":6,"href":"https:\/\/nimmerwo.ch\/en\/wp-json\/wp\/v2\/pages\/12652\/revisions"}],"predecessor-version":[{"id":12659,"href":"https:\/\/nimmerwo.ch\/en\/wp-json\/wp\/v2\/pages\/12652\/revisions\/12659"}],"wp:attachment":[{"href":"https:\/\/nimmerwo.ch\/en\/wp-json\/wp\/v2\/media?parent=12652"}],"curies":[{"name":"wp","href":"https:\/\/api.w.org\/{rel}","templated":true}]}}