{"id":7,"date":"2021-06-10T06:28:16","date_gmt":"2021-06-10T06:28:16","guid":{"rendered":"https:\/\/nimmerwo.ch\/?page_id=7"},"modified":"2022-10-03T19:47:25","modified_gmt":"2022-10-03T19:47:25","slug":"ueber-uns","status":"publish","type":"page","link":"https:\/\/nimmerwo.ch\/en\/ueber-uns\/","title":{"rendered":"About Us"},"content":{"rendered":"<div data-elementor-type=\"wp-page\" data-elementor-id=\"7\" class=\"elementor elementor-7\">\n\t\t\t\t\t\t<section class=\"elementor-section elementor-top-section elementor-element elementor-element-6667dde4 elementor-section-boxed elementor-section-height-default elementor-section-height-default\" data-id=\"6667dde4\" data-element_type=\"section\" data-e-type=\"section\">\n\t\t\t\t\t\t<div class=\"elementor-container elementor-column-gap-default\">\n\t\t\t\t\t<div class=\"elementor-column elementor-col-100 elementor-top-column elementor-element elementor-element-17d0ccb9\" data-id=\"17d0ccb9\" data-element_type=\"column\" data-e-type=\"column\">\n\t\t\t<div class=\"elementor-widget-wrap elementor-element-populated\">\n\t\t\t\t\t\t<div class=\"elementor-element elementor-element-585c2308 elementor-widget elementor-widget-text-editor\" data-id=\"585c2308\" data-element_type=\"widget\" data-e-type=\"widget\" data-widget_type=\"text-editor.default\">\n\t\t\t\t<div class=\"elementor-widget-container\">\n\t\t\t\t\t\t\t\t\t\n<p>Hola! We are Simon and Seraina. Welcome to our website. Here briefly a few sentences about us.<\/p>\n\t\t\t\t\t\t\t\t<\/div>\n\t\t\t\t<\/div>\n\t\t\t\t<div class=\"elementor-element elementor-element-86cbb60 elementor-widget elementor-widget-image\" data-id=\"86cbb60\" data-element_type=\"widget\" data-e-type=\"widget\" data-widget_type=\"image.default\">\n\t\t\t\t<div class=\"elementor-widget-container\">\n\t\t\t\t\t\t\t\t\t\t\t\t\t\t\t<img fetchpriority=\"high\" decoding=\"async\" width=\"300\" height=\"199\" src=\"https:\/\/nimmerwo.ch\/wp-content\/uploads\/2022\/02\/DSC05875-300x199.jpg\" class=\"attachment-medium size-medium wp-image-9801\" alt=\"\" srcset=\"https:\/\/nimmerwo.ch\/wp-content\/uploads\/2022\/02\/DSC05875-300x199.jpg 300w, https:\/\/nimmerwo.ch\/wp-content\/uploads\/2022\/02\/DSC05875-768x509.jpg 768w, https:\/\/nimmerwo.ch\/wp-content\/uploads\/2022\/02\/DSC05875-18x12.jpg 18w, https:\/\/nimmerwo.ch\/wp-content\/uploads\/2022\/02\/DSC05875-500x330.jpg 500w, https:\/\/nimmerwo.ch\/wp-content\/uploads\/2022\/02\/DSC05875.jpg 1024w\" sizes=\"(max-width: 300px) 100vw, 300px\" \/>\t\t\t\t\t\t\t\t\t\t\t\t\t\t\t<\/div>\n\t\t\t\t<\/div>\n\t\t\t\t<div class=\"elementor-element elementor-element-14b24e6 elementor-widget elementor-widget-text-editor\" data-id=\"14b24e6\" data-element_type=\"widget\" data-e-type=\"widget\" data-widget_type=\"text-editor.default\">\n\t\t\t\t<div class=\"elementor-widget-container\">\n\t\t\t\t\t\t\t\t\t\n<p><\/p>\n<p>Since 2009 we have been traveling together through different countries, exchanging ideas with various people, exploring nature, discovering new things, and always returning to the familiar.<\/p>\n<p>\u00a0<\/p>\n<p>What fascinates us most are the people we often run into in the most impossible situations. These encounters enrich our lives and show us again and again how different people deal with everyday challenges.<\/p>\n<p>\u00a0<\/p>\n<p>However nice it may be to be among one's own kind, the wilderness will call us again. Then we have to get out. Out into the forests and mountains! Alone with us, far from any civilization, where we have time and space to reflect on our existence and to refuel energy from nature.<\/p>\n<p>\u00a0<\/p>\n<p><\/p>\n\t\t\t\t\t\t\t\t<\/div>\n\t\t\t\t<\/div>\n\t\t\t\t<div class=\"elementor-element elementor-element-e8a81e0 elementor-widget elementor-widget-image\" data-id=\"e8a81e0\" data-element_type=\"widget\" data-e-type=\"widget\" data-widget_type=\"image.default\">\n\t\t\t\t<div class=\"elementor-widget-container\">\n\t\t\t\t\t\t\t\t\t\t\t\t\t\t\t<img decoding=\"async\" width=\"300\" height=\"225\" src=\"https:\/\/nimmerwo.ch\/wp-content\/uploads\/2021\/06\/mexiko_2018-300x225.jpg\" class=\"attachment-medium size-medium wp-image-5305\" alt=\"\" srcset=\"https:\/\/nimmerwo.ch\/wp-content\/uploads\/2021\/06\/mexiko_2018-300x225.jpg 300w, https:\/\/nimmerwo.ch\/wp-content\/uploads\/2021\/06\/mexiko_2018-768x576.jpg 768w, https:\/\/nimmerwo.ch\/wp-content\/uploads\/2021\/06\/mexiko_2018-16x12.jpg 16w, https:\/\/nimmerwo.ch\/wp-content\/uploads\/2021\/06\/mexiko_2018.jpg 960w\" sizes=\"(max-width: 300px) 100vw, 300px\" \/>\t\t\t\t\t\t\t\t\t\t\t\t\t\t\t<\/div>\n\t\t\t\t<\/div>\n\t\t\t\t<div class=\"elementor-element elementor-element-fa3b7b2 elementor-widget elementor-widget-text-editor\" data-id=\"fa3b7b2\" data-element_type=\"widget\" data-e-type=\"widget\" data-widget_type=\"text-editor.default\">\n\t\t\t\t<div class=\"elementor-widget-container\">\n\t\t\t\t\t\t\t\t\t\n<p><\/p>\n<p>The world still holds many unknowns, secrets, and instructive moments. And so, even after more than 10 years, the travel bug, curiosity, and the joy of life drive us to put aside our comfort and set out for new adventures.<\/p>\n<p><\/p>\n\t\t\t\t\t\t\t\t<\/div>\n\t\t\t\t<\/div>\n\t\t\t\t<section class=\"elementor-section elementor-inner-section elementor-element elementor-element-ac8842e elementor-section-boxed elementor-section-height-default elementor-section-height-default\" data-id=\"ac8842e\" data-element_type=\"section\" data-e-type=\"section\">\n\t\t\t\t\t\t<div class=\"elementor-container elementor-column-gap-default\">\n\t\t\t\t\t<div class=\"elementor-column elementor-col-50 elementor-inner-column elementor-element elementor-element-9d6ac90\" data-id=\"9d6ac90\" data-element_type=\"column\" data-e-type=\"column\">\n\t\t\t<div class=\"elementor-widget-wrap\">\n\t\t\t\t\t\t\t<\/div>\n\t\t<\/div>\n\t\t\t\t<div class=\"elementor-column elementor-col-50 elementor-inner-column elementor-element elementor-element-2a65903\" data-id=\"2a65903\" data-element_type=\"column\" data-e-type=\"column\">\n\t\t\t<div class=\"elementor-widget-wrap\">\n\t\t\t\t\t\t\t<\/div>\n\t\t<\/div>\n\t\t\t\t\t<\/div>\n\t\t<\/section>\n\t\t\t\t<div class=\"elementor-element elementor-element-be80f15 elementor-widget elementor-widget-spacer\" data-id=\"be80f15\" data-element_type=\"widget\" data-e-type=\"widget\" data-widget_type=\"spacer.default\">\n\t\t\t\t<div class=\"elementor-widget-container\">\n\t\t\t\t\t\t\t<div class=\"elementor-spacer\">\n\t\t\t<div class=\"elementor-spacer-inner\"><\/div>\n\t\t<\/div>\n\t\t\t\t\t\t<\/div>\n\t\t\t\t<\/div>\n\t\t\t\t<div class=\"elementor-element elementor-element-ec37a68 elementor-align-center elementor-widget elementor-widget-button\" data-id=\"ec37a68\" data-element_type=\"widget\" data-e-type=\"widget\" data-widget_type=\"button.default\">\n\t\t\t\t<div class=\"elementor-widget-container\">\n\t\t\t\t\t\t\t\t\t<div class=\"elementor-button-wrapper\">\n\t\t\t\t\t<a class=\"elementor-button elementor-button-link elementor-size-sm elementor-animation-grow\" href=\"https:\/\/nimmerwo.ch\/en\/kontakt\/\">\n\t\t\t\t\t\t<span class=\"elementor-button-content-wrapper\">\n\t\t\t\t\t\t<span class=\"elementor-button-icon\">\n\t\t\t\t<i aria-hidden=\"true\" class=\"fas fa-arrow-alt-circle-right\"><\/i>\t\t\t<\/span>\n\t\t\t\t\t\t\t\t\t<span class=\"elementor-button-text\">Contact us<\/span>\n\t\t\t\t\t<\/span>\n\t\t\t\t\t<\/a>\n\t\t\t\t<\/div>\n\t\t\t\t\t\t\t\t<\/div>\n\t\t\t\t<\/div>\n\t\t\t\t<div class=\"elementor-element elementor-element-c0d6ac4 elementor-widget-divider--view-line elementor-widget elementor-widget-divider\" data-id=\"c0d6ac4\" data-element_type=\"widget\" data-e-type=\"widget\" data-widget_type=\"divider.default\">\n\t\t\t\t<div class=\"elementor-widget-container\">\n\t\t\t\t\t\t\t<div class=\"elementor-divider\">\n\t\t\t<span class=\"elementor-divider-separator\">\n\t\t\t\t\t\t<\/span>\n\t\t<\/div>\n\t\t\t\t\t\t<\/div>\n\t\t\t\t<\/div>\n\t\t\t\t<div class=\"elementor-element elementor-element-b0e1a5c elementor-widget elementor-widget-heading\" data-id=\"b0e1a5c\" data-element_type=\"widget\" data-e-type=\"widget\" data-widget_type=\"heading.default\">\n\t\t\t\t<div class=\"elementor-widget-container\">\n\t\t\t\t\t<h2 class=\"elementor-heading-title elementor-size-default\">Posts<\/h2>\t\t\t\t<\/div>\n\t\t\t\t<\/div>\n\t\t\t\t\t<\/div>\n\t\t<\/div>\n\t\t\t\t\t<\/div>\n\t\t<\/section>\n\t\t\t\t<section class=\"elementor-section elementor-top-section elementor-element elementor-element-3df72b4 elementor-section-boxed elementor-section-height-default elementor-section-height-default\" data-id=\"3df72b4\" data-element_type=\"section\" data-e-type=\"section\">\n\t\t\t\t\t\t<div class=\"elementor-container elementor-column-gap-default\">\n\t\t\t\t\t<div class=\"elementor-column elementor-col-100 elementor-top-column elementor-element elementor-element-924b742\" data-id=\"924b742\" data-element_type=\"column\" data-e-type=\"column\">\n\t\t\t<div class=\"elementor-widget-wrap\">\n\t\t\t\t\t\t\t<\/div>\n\t\t<\/div>\n\t\t\t\t\t<\/div>\n\t\t<\/section>\n\t\t\t\t<\/div>","protected":false},"excerpt":{"rendered":"<p>Hola! Wir sind Simon und Seraina. Herzlich willkommen auf unserer Seite. Hier kurz ein paar S\u00e4tze \u00fcber uns. Gemeinsam reisen wir seit dem Jahre 2009 durch verschiedenste L\u00e4nder, tauschen uns mit den unterschiedlichsten Menschen aus, erforschen die Natur, entdecken Neues und kehren immer wieder gerne zu Altbekanntem zur\u00fcck. \u00a0 Dabei faszinieren uns am meisten die Menschen, die wir oft in unm\u00f6glichsten Situation \u00fcber den Weg laufen. Diese Begegnungen bereichern unser Leben und zeigen uns immer aufs Neue, wie unterschiedlich die Menschen mit den allt\u00e4glichen Herausforderungen umgehen. \u00a0 Wie sch\u00f6n es auch ist, unter Seinesgleichen zu sein, h\u00e4ufig ruft uns die Wildnis wieder. Dann m\u00fcssen wir raus. Raus in die W\u00e4lder und Berge! Alleine mit uns, weit von jeglicher Zivilisation, wo wir Zeit und Raum haben, \u00fcber unser Dasein zu reflektieren und Energie aus der Natur zu tanken. \u00a0 Die Welt birgt noch immer viel Unbekanntes, Geheimnisse und lehrreiche Momente. Und so treiben uns auch noch nach \u00fcber 10 Jahren das Reisefieber, die Neugier und die Freude am Leben an, die Bequemlichkeit abzulegen und aufzubrechen zu neuen Abenteuern. Seraina Meier Landschaftsg\u00e4rtnerin, Gestalterin &#8211; Kreativit\u00e4tsliebende Macherin Wenn ich &#8222;reise&#8220;, gehe ich rein in eine Welt, wo viele Geschichten warten, wo in jedem Moment Alles passieren kann (oder auch lange Nichts), und meine Neugierde sowie meine Nerven aufs feinste gekitzelt werden. Durch Simon entdeckte ich diese neue Welt und m\u00f6chte sie nicht mehr missen. Simon Hasenfratz Weitreisender, Fotograf, Allrounder Ich reise schon seit 2004 aus purer Neugier durch die Weltgeschichte. Damals fixierte ich mich mehrheitlich auf Ozeanien und S\u00fcdostasien. Mit Seraina hat sich der Fokus etwas verlagert und mein Horizont auf die Amerikas erweitert. Auch Europa steht hin und wieder auf dem Zettel. W\u00fcrde ich nach meinen drei Lieblingsl\u00e4ndern gefragt, fiele mir die Antwort einfach: Kolumbien, weil es eine 2. Heimat f\u00fcr uns geworden ist. USA, wegen der Natur und Wildnis, aber auch weil wir dort sehr liebe Freunde gewonnen haben. Thailand, Nepal und Indonesien, aufgrund ihrer Kulturen, K\u00fcche und Lebensstils. Australien (gleicher Grund wie USA), Uruguay, ich war zwar noch nie da, aber&#8230; Ach, schon mehr als 3? Kontaktiere uns Beitr\u00e4ge Alle Posts Aktuell Auf grosser Reise 2010-12 Balkan Bolivien Chile Ecuador El Salvador Epische Reise 2016-18 Erde Frankreich Griechenland Italien Kanada Kolumbien Mexiko Peru Schweden Schweiz Slowenien Spanien S\u00fcdamerika-Tour 2013-15 Thailand USA &nbsp;&nbsp;Back Kroatien Albanien Bosnien Montenegro &nbsp;&nbsp;Back Guatemala Nicaragua Costa Rica Panama Fernwanderung in Schweden Oktober 1, 2022\/Keine Kommentare Eigentlich h\u00e4tte unsere Fernwanderung in Schweden anders beginnen sollen. Seraina und ich wollten uns direkt nach meinem zehnt\u00e4gigen Neigong-Retreat in&hellip; Weiterlesen Athen zu Fuss M\u00e4rz 10, 2022\/Keine Kommentare Seit \u00fcber drei Wochen steht unsere Loki nun beim Mechaniker in Varkiza, 20 km ausserhalb von Athen. Noch wissen wir&hellip; Weiterlesen Bukit Lawang Jungle Trekking Februar 20, 2022\/Keine Kommentare Most if not all people come here for a Bukit Lawang jungle trekking tour to see wild and semi-wild orangutans.&hellip; Weiterlesen Weiterreisenachweis Februar 20, 2022\/Keine Kommentare Es h\u00e4tte nicht viel gefehlt und ich w\u00e4re im Besitz eines Ausreisetickets gewesen &#8211; und somit eines Weiterreisenachweises. Am Ende&hellip; Weiterlesen Panne in Griechenland Februar 18, 2022\/Keine Kommentare Jetzt erinnere ich mich \u2013 die wahre Reiseerfahrung beginnt, wenn man Menschen trifft. Davor sind es Landschaften, Orte, die man&hellip; Weiterlesen Leben in Albanien Januar 22, 2022\/Keine Kommentare Ein Leben in Albanien? Hier bei diesen lieben Menschen, die wir schon l\u00e4ngst in unsere Herzen geschlossen haben? Bei den&hellip; Weiterlesen Camping in Albanien Dezember 26, 2021\/5&nbsp;Kommentare In Shkodra, der ersten Stadt, in der wir anlangten, wurden gleich mal mit der albanischen Fahr- und vor allem Parkweise&hellip; Weiterlesen Unterwegs im Balkan Dezember 11, 2021\/1&nbsp;Kommentar \u00d6l und Reifendruck gecheckt, aufgetankt und beim Campingshop noch eine Dichtung gekauft f\u00fcr das lecke Abwaschbecken, waren wir am 6.&hellip; Weiterlesen Alpe Adria Trail Oktober 15, 2021\/7&nbsp;Kommentare Nat\u00fcrlich haben wir uns in Flims ein wenig \u00fcber Slowenien informiert und doch schon einmal vom Juliana und vom Alpe&hellip; Weiterlesen Mehr laden Ende des Inhalts<\/p>","protected":false},"author":1,"featured_media":0,"parent":0,"menu_order":0,"comment_status":"closed","ping_status":"closed","template":"","meta":{"footnotes":""},"class_list":["post-7","page","type-page","status-publish","hentry"],"_links":{"self":[{"href":"https:\/\/nimmerwo.ch\/en\/wp-json\/wp\/v2\/pages\/7","targetHints":{"allow":["GET"]}}],"collection":[{"href":"https:\/\/nimmerwo.ch\/en\/wp-json\/wp\/v2\/pages"}],"about":[{"href":"https:\/\/nimmerwo.ch\/en\/wp-json\/wp\/v2\/types\/page"}],"author":[{"embeddable":true,"href":"https:\/\/nimmerwo.ch\/en\/wp-json\/wp\/v2\/users\/1"}],"replies":[{"embeddable":true,"href":"https:\/\/nimmerwo.ch\/en\/wp-json\/wp\/v2\/comments?post=7"}],"version-history":[{"count":88,"href":"https:\/\/nimmerwo.ch\/en\/wp-json\/wp\/v2\/pages\/7\/revisions"}],"predecessor-version":[{"id":12452,"href":"https:\/\/nimmerwo.ch\/en\/wp-json\/wp\/v2\/pages\/7\/revisions\/12452"}],"wp:attachment":[{"href":"https:\/\/nimmerwo.ch\/en\/wp-json\/wp\/v2\/media?parent=7"}],"curies":[{"name":"wp","href":"https:\/\/api.w.org\/{rel}","templated":true}]}}